{"id":4855,"date":"2021-08-17T22:15:58","date_gmt":"2021-08-17T20:15:58","guid":{"rendered":"https:\/\/farsipol.com\/de\/?page_id=4855"},"modified":"2024-06-03T08:47:08","modified_gmt":"2024-06-03T06:47:08","slug":"impressum","status":"publish","type":"page","link":"https:\/\/farsipol.com\/de\/impressum\/","title":{"rendered":"impressum"},"content":{"rendered":"<section class=\"l-section wpb_row headerrow height_huge width_full parallax_fixed\"><div class=\"l-section-overlay\" style=\"background:rgba(23,23,23,0.70)\"><\/div><div class=\"l-section-h i-cf\"><div class=\"g-cols via_flex valign_top type_default\"><div class=\"vc_col-sm-12 wpb_column vc_column_container\"><div class=\"vc_column-inner\"><div class=\"wpb_wrapper\"><div class=\"g-cols wpb_row via_flex valign_top type_default\"><div class=\"vc_col-sm-2 wpb_column vc_column_container\"><div class=\"vc_column-inner\"><div class=\"wpb_wrapper\"><\/div><\/div><\/div><div class=\"vc_col-sm-8 wpb_column vc_column_container\"><div class=\"vc_column-inner\"><div class=\"wpb_wrapper\"><h1 class=\"w-post-elm post_title us_custom_6df4bc3a entry-title color_link_inherit has_text_color\">impressum<\/h1><\/div><\/div><\/div><div class=\"vc_col-sm-2 wpb_column vc_column_container\"><div class=\"vc_column-inner\"><div class=\"wpb_wrapper\"><\/div><\/div><\/div><\/div><\/div><\/div><\/div><\/div><\/div><\/section><section class=\"l-section wpb_row ltr height_medium\"><div class=\"l-section-h i-cf\"><div class=\"g-cols via_flex valign_top type_default\"><div class=\"vc_col-sm-12 wpb_column vc_column_container\"><div class=\"vc_column-inner\"><div class=\"wpb_wrapper\"><div class=\"wpb_text_column us_custom_9f413006 postcontent\"><div class=\"wpb_wrapper\"><div dir=\"ltr\" style=\"font-family: Arial,Helvetica,sans-serif !important;\">\n<h1 style=\"text-align: center;\"><span style=\"font-size: 18pt;\"><strong>Impressum | Imprint <\/strong><\/span><\/h1>\n<p style=\"text-align: center;\"><a href=\"#imprint\"><strong>( for English version please see below)<\/strong><\/a><\/p>\n<p>Verantwortlich f\u00fcr die Inhalte auf dieser Website, sowie die Inhalte, welche auf den sozialen Medien wie Instagram, LinkedIn, Facebook und Youtube ver\u00f6ffentlicht worden sind und in einer direkten Verbindung mit dieser Website stehen, ist folgende Person<\/p>\n<p>Herr Kaveh Jourabchian<\/p>\n<h3><strong>Rechtsform:<\/strong><\/h3>\n<p>Einzelunternehmen. Eine Kooperation mit freiberuflichen Mitarbeiterinnen und Mitarbeitern wird vorbehalten<\/p>\n<h3><span style=\"font-family: Arial, Helvetica, sans-serif;\"><strong>T\u00e4tigkeitsbereiche* sind u.a.:<\/strong><\/span><\/h3>\n<p>Migrationsberatung (Einwanderung), Rechtsberatung, Rechtsvertretung, amtliche \u00dcbersetzungen, Integrationsf\u00f6rderung, Consulting.<\/p>\n<h3><strong>Adressen:<\/strong><\/h3>\n<p>1-\u00a0\u00a0\u00a0\u00a0\u00a0\u00a0\u00a0\u00a0\u00a0\u00a0\u00a0 Max-Eyth-Str 41, 73230 Kirchheim Teck (Deutschland)<\/p>\n<p>2-\u00a0\u00a0\u00a0\u00a0\u00a0\u00a0\u00a0\u00a0\u00a0\u00a0\u00a0 Luzerner Str20 5620 Bremgarten AG (Schweiz) <strong>Hauptsitz<\/strong><\/p>\n<div class=\"contactpart\">\n<h3><strong>Kontakt:<\/strong><\/h3>\n<p>0049-70217355057<\/p>\n<p>0041-565564342<\/p>\n<p>E-Mail: <a href=\"mailto:info@farsipol.com\">info@farsipol.com<\/a><\/p>\n<\/div>\n<p>Aufsichtsbeh\u00f6rde f\u00fcr die amtlichen \u00dcbertragungen\/\u00dcbersetzungen: Oberlandesgericht Koblenz. Stresemannstra\u00dfe 1, DE-56068 Koblenz<\/p>\n<p>DE Steuernummer:<\/p>\n<p>Finanzamt N\u00fcrtringen: 69240\/05208<\/p>\n<p>CH Steuernummer:<\/p>\n<p>Steueramt Bremgarten AG: 756.8147.5925.58<\/p>\n<p>Unternehmens- Identifikationsnummer UID:<\/p>\n<p>CHE- 458.376.358<\/p>\n<p>Company legal Check: www.uid.admin.ch<\/p>\n<p>UID Nummer: 458.376.358<\/p>\n<p>Wir sind nicht bereit oder verpflichtet, an Streitbeilegungsverfahren vor einer Verbraucherschlichtungsstelle teilzunehmen<\/p>\n<p>*Rechtsberatungen in DE derzeit gem\u00e4\u00df \u00a7\u00a7 5 ,6 des RDG<\/p>\n<p>Wir sind sehr bem\u00fcht, alle auf dieser Website ver\u00f6ffentlichen Informationen (sowie jene auf unseren sozialen Medien) nach bestem Wissen und Gewissen zu kontrollieren und aktualisieren. F\u00fcr die Richtigkeit oder Vollst\u00e4ndigkeit der Inhalte \u00fcbernehmen wir jedoch keine Haftung. Diese Inhalte stellen keine Rechtsberatung dar. Folglich wird jede Haftung im Zusammenhang mit der Nutzung dieser Inhalte ausgeschlossen. Alle Angaben sind ohne Gew\u00e4hr.<\/p>\n<\/div>\n<\/div><\/div><div class=\"w-separator size_small\" id=\"imprint\"><\/div><div class=\"w-separator size_small with_line width_default thick_2 style_solid color_text align_center\"><div class=\"w-separator-h\"><\/div><\/div><div class=\"wpb_text_column us_custom_90a4ba08 ltr\"><div class=\"wpb_wrapper\"><div dir=\"ltr\" style=\"font-family: Arial,Helvetica,sans-serif !important;\">\n<h1 style=\"text-align: center;\"><span style=\"font-size: 18pt;\"><strong>Imprint (short version)<\/strong><\/span><\/h1>\n<p>The following person is responsible for the content on this website, as well as the content that has been published on social media such as Instagram, LinkedIn, Facebook and Youtube and is in direct connection with this website.<\/p>\n<p>Mr. Kaveh Jourabchian<\/p>\n<h3><strong>Legal form:<\/strong><\/h3>\n<p>Sole proprietorship. (We reserve the right to participate or cooperate also with freelance employees)<\/p>\n<h3><strong>Field of activity include:<\/strong><\/h3>\n<p>Migration advice (immigration), official translations, integration promotion, consulting.<\/p>\n<h3><strong>Head Office:<\/strong><\/h3>\n<p>1-\u00a0\u00a0\u00a0\u00a0\u00a0\u00a0\u00a0\u00a0\u00a0\u00a0\u00a0 Max-Eyth-Str 41, 73230 Kirchheim Teck (Germany)<\/p>\n<p>2-\u00a0\u00a0\u00a0\u00a0\u00a0\u00a0\u00a0\u00a0\u00a0\u00a0\u00a0 Luzerner Str20 5620 Bremgarten AG (Switzerland)<\/p>\n<div class=\"contactpart\">\n<h3><strong>Contact:<\/strong><\/h3>\n<p>0049-70217355057<\/p>\n<p>0041-565564342<\/p>\n<p>E-Mail: <a href=\"mailto:info@farsipol.com\">info@farsipol.com<\/a><\/p>\n<\/div>\n<p>Supervisory authority for the official transmissions \/ translations: higher regional court Koblenz. Stresemannstra\u00dfe 1, 56068 Koblenz<\/p>\n<h3><strong>State Tax numbers:<\/strong><\/h3>\n<p>Germany: Finanzamt N\u00fcrtringen: 69240\/05208<\/p>\n<p>Switzerland: Steueramt Bremgarten AG: 756.8147.5925.58<\/p>\n<p>We make every effort to check and update all information published on this website (as well as that on our social media) to the best of our knowledge and belief. However, we assume no liability for the correctness or completeness of the content. This content does not constitute legal advice. Consequently, any liability in connection with the use of this content is excluded. All information is provided without warranty.<\/p>\n<\/div>\n<\/div><\/div>[vc_raw_html][\/vc_raw_html]<\/div><\/div><\/div><\/div><\/div><\/section><section class=\"l-section wpb_row height_auto width_full\"><div class=\"l-section-h i-cf\"><div class=\"g-cols via_flex valign_top type_default\"><div class=\"vc_col-sm-12 wpb_column vc_column_container\"><div class=\"vc_column-inner\"><div class=\"wpb_wrapper\"><style data-type=\"us_custom-css\">\/*.svgsep{margin-bottom:-10%;margin-top:50px}*\/\r\n\/*.footericons i {border:1.5px solid white ; border-radius: 4px; padding:0 5px;margin-right:10px}.footericons i.fa-map-marker-alt { padding: 0 7px !important;}*\/\r\n\/*.footericons {padding-bottom: 8px !important;direction:LTR !important;}*\/\r\n\/*.fastlinks{border-bottom: 2px solid white; width: calc(0% + 150px)}*\/\r\n\/*.fastlinkitem li{color: white !important; list-style-type: \"\\227A\";}*\/\r\n\/*.fastlinkitem li{padding-right:5px !important;transition-duration:0.3s !important;max-width: max-content}*\/\r\n\/*.fastlinkitem li:hover{padding-right: 10px !important;transition-duration: 0.3s}*\/\r\n\/*.fastlinkitem li a {color:white}*\/\r\n\r\n\/*.fastlinkitem a::after {*\/\r\n\/*  content: '';*\/\r\n\/*  display: block;*\/\r\n\/*  width:0 ;*\/\r\n\/*  height: 2px ;*\/\r\n\/*  background: var(--color-content-link-hover) ;*\/\r\n\/*  transition: width .2s ease-in;*\/\r\n\/*}*\/\r\n\r\n\/*.fastlinkitem a:hover::after{*\/\r\n\/*  width: 100%;*\/\r\n\/*}*\/\r\n\r\n\/*.footermap{max-height: 200px !important;}*\/\r\n\/*.footercontainer{padding: 0 50px}*\/\r\n\/*.fullcontactbtn{background: #dd2a2a !important; padding: 8px 0 !important; border-radius:10px !important;}*\/\r\n\/*.fullcontactbtn span.w-btn-label{font-size:0.9rem !important;}*\/\r\n\/*.fullcontactbtn:after{background:#e61818 !important;}*\/\r\n\/*.fullcontactbtn:hover{box-shadow: 0 0 8px 0px #dd2a2a !important;}*\/\r\n\/*.alllatinwords{font-family:Arial !important;}*\/\r\n\/*.bordertop{border-top:1px solid white}*\/\r\n\r\n\/*@media only screen and (max-width:767px){*\/\r\n\/*  .copyrightwrapper,.impressumwrapper{justify-content: center !important;}*\/\r\n\/*  .footercontainer div.vc_col-sm-6:nth-of-type(1) {padding: 0 !important;margin: 0 !important;}*\/\r\n\/*}*\/\r\n\/*.impressumwrapper *{color: white}*\/\r\n\r\n\/*.leaflet-popup-content-wrapper{border-radius:15px;background:#e61818 !important; color:white !important;}*\/\r\n\/*.leaflet-popup-tip {background:#e61818 !important;}*\/\r\n\/*.leaflet-popup-close-button{display: none}*\/\r\n\/*.leaflet-popup-content-wrapper{padding:0.6rem 1.75rem 0.6rem 1.25rem !important;}*\/\r\n\r\n\r\n\/*.whatsappicon i{background: #03d400}*\/\r\n\/*.whatsappicon span:hover {color:#dc272a;}*\/\r\n\/*.whatsappicon span{transition: color 0.3s !important;}*\/\r\n\/*.footerwrapper a.w-socials-item-link {filter:grayscale(1);filter:invert(0.5); transition: .3s !important;transform:scale(1.2);}*\/\r\n\/*.footerwrapper a.w-socials-item-link:hover {background: none !important; filter:grayscale(0);transform:scale(1.2);margin:0 5px; }*\/\r\n\/*.footerwrapper a.w-socials-item-link .fa-instagram:hover {filter: none ;background: -webkit-linear-gradient(45deg, #405de6, #5851db, #833ab4, #c13584, #e1306c, #fd1d1d);-webkit-background-clip: text;-webkit-text-fill-color: transparent;}*\/\r\n\/*.socialicons div {margin:0 10px !important;}*\/\r\n\r\n\r\n.svgsep{margin-bottom:-10%;margin-top:50px}\r\n.footericons i {border:1.5px solid white ; border-radius: 4px; padding:0 5px;margin-right:10px}.footericons i.fa-map-marker-alt { padding: 0 7px !important;}\r\n.footericons {padding-bottom: 8px !important;direction:LTR !important;}\r\n.fastlinks{border-bottom: 2px solid white; width: calc(0% + 150px)}\r\n.fastlinkitem li{color: white !important; list-style-type: \"\\227A\";}\r\n.fastlinkitem li{padding-right:5px !important;transition-duration:0.3s !important;max-width: max-content}\r\n.fastlinkitem li:hover{padding-right: 10px !important;transition-duration: 0.3s}\r\n.fastlinkitem li a {color:white}\r\n\r\n.fastlinkitem a::after {\r\n  content: '';\r\n  display: block;\r\n  width:0 ;\r\n  height: 2px ;\r\n  background: var(--color-content-link-hover) ;\r\n  transition: width .2s ease-in;\r\n}\r\n\r\n.fastlinkitem a:hover::after{\r\n  width: 100%;\r\n}\r\n\r\n.footermap{max-height: 200px !important;}\r\n.footercontainer{padding: 0 50px}\r\n.fullcontactbtn{background: #dd2a2a !important; padding: 8px 0 !important; border-radius:10px !important;}\r\n.fullcontactbtn span.w-btn-label{font-size:0.9rem !important;}\r\n.fullcontactbtn:after{background:#e61818 !important;}\r\n.fullcontactbtn:hover{box-shadow: 0 0 8px 0px #dd2a2a !important;}\r\n.alllatinwords{font-family:Arial !important;}\r\n.bordertop{border-top:1px solid white}\r\n\r\n@media only screen and (max-width:767px){\r\n  .copyrightwrapper,.impressumwrapper{justify-content: center !important;}\r\n  .footercontainer div.vc_col-sm-6:nth-of-type(1) {padding: 0 !important;margin: 0 !important;}\r\n}\r\n.impressumwrapper *{color: white}\r\n.leaflet-popup-content-wrapper{border-radius:15px;background:#e61818 !important; color:white !important;}\r\n.leaflet-popup-tip {background:#e61818 !important;}\r\n.leaflet-popup-close-button{display: none}\r\n.leaflet-popup-content-wrapper{padding:0.6rem 1.75rem 0.6rem 1.25rem !important;}\r\n.whatsappicon i{background: #03d400}\r\n.whatsappicon span:hover {color:#dc272a;}\r\n.whatsappicon span{transition: color 0.3s !important;}\r\n.footerwrapper a.w-socials-item-link {filter:grayscale(1);filter:invert(0.5); transition: .3s !important;transform:scale(1.2);}\r\n.footerwrapper a.w-socials-item-link:hover {background: none !important; filter:grayscale(0);transform:scale(1.2);margin:0 5px; }\r\n.footerwrapper a.w-socials-item-link .fa-instagram:hover {filter: none ;background: -webkit-linear-gradient(45deg, #405de6, #5851db, #833ab4, #c13584, #e1306c, #fd1d1d);-webkit-background-clip: text;-webkit-text-fill-color: transparent;}\r\n.socialicons div {margin:0 10px !important;}<\/style><section class=\"l-section wpb_row footerwrapper height_auto width_full\"><div class=\"l-section-h i-cf\"><div class=\"g-cols via_flex valign_top type_default\"><div class=\"vc_col-sm-12 wpb_column vc_column_container\"><div class=\"vc_column-inner\"><div class=\"wpb_wrapper\">[vc_raw_html]JTNDc3ZnJTIwY2xhc3MlM0QlMjJzdmdzZXAlMjIlMjB4bWxucyUzRCUyMmh0dHAlM0ElMkYlMkZ3d3cudzMub3JnJTJGMjAwMCUyRnN2ZyUyMiUyMHZpZXdCb3glM0QlMjIwJTIwMCUyMDE0NDAlMjAzMjAlMjIlM0UlM0NwYXRoJTIweG1sbnMlM0QlMjJodHRwJTNBJTJGJTJGd3d3LnczLm9yZyUyRjIwMDAlMkZzdmclMjIlMjBpZCUzRCUyMnN2Z18xJTIyJTIwZCUzRCUyMm0wJTJDLTAuMjgyNDdsMTIwJTJDMjYuN2MxMjAlMkMyNi4zJTIwMzYwJTJDODAuMyUyMDYwMCUyQzk2YzI0MCUyQzE2LjMlMjA0ODAlMkMtNS43JTIwNjAwJTJDLTE2bDEyMCUyQy0xMC43bDAlMkMxNjBsLTEyMCUyQzBjLTEyMCUyQzAlMjAtMzYwJTJDMCUyMC02MDAlMkMwYy0yNDAlMkMwJTIwLTQ4MCUyQzAlMjAtNjAwJTJDMGwtMTIwJTJDMGwwJTJDLTI1NnolMjIlMjBmaWxsJTNEJTIyJTIzMzczNzM3JTIyJTJGJTNFJTNDJTJGc3ZnJTNF[\/vc_raw_html]<div class=\"g-cols wpb_row us_custom_a4e79be0 footercontainer via_flex valign_top type_default\"><div class=\"vc_col-sm-3 wpb_column vc_column_container\"><div class=\"vc_column-inner\"><div class=\"wpb_wrapper\"><div class=\"w-vwrapper align_center valign_middle\"><div class=\"w-image align_center\"><div class=\"w-image-h\"><img decoding=\"async\" width=\"150\" height=\"58\" src=\"https:\/\/farsipol.com\/wp-content\/uploads\/2021\/08\/Asset-11-min-150x58.png\" class=\"attachment-us_150_150 size-us_150_150\" alt=\"\" srcset=\"https:\/\/farsipol.com\/wp-content\/uploads\/2021\/08\/Asset-11-min-150x58.png 150w, https:\/\/farsipol.com\/wp-content\/uploads\/2021\/08\/Asset-11-min-300x115.png 300w, https:\/\/farsipol.com\/wp-content\/uploads\/2021\/08\/Asset-11-min-1024x393.png 1024w, https:\/\/farsipol.com\/wp-content\/uploads\/2021\/08\/Asset-11-min-1000x384.png 1000w, https:\/\/farsipol.com\/wp-content\/uploads\/2021\/08\/Asset-11-min-476x183.png 476w\" sizes=\"(max-width: 150px) 100vw, 150px\" \/><\/div><\/div><div class=\"w-separator size_small\"><\/div><div class=\"wpb_text_column us_custom_31ff72df has_text_color\"><div class=\"wpb_wrapper\"><p style=\"text-align: center;\"><span style=\"font-size: 14pt; font-family: Arial, Helvetica, sans-serif !important;\"><span style=\"font-size: 12pt;\">Farsipol Consulting<\/span><br \/>\n<\/span><\/p>\n<p style=\"text-align: center;\"><span style=\"font-family: Arial, Helvetica, sans-serif !important;\">Sprach- und juristische Dienstleistungen in der Schweiz und auch zum Teil in Deutschland. Migrationsberatung und Integrationsf\u00f6rderung. Amtliche \u00dcbersetzungen Deutsch-Persisch<\/span><\/p>\n<\/div><\/div><div class=\"w-socials socialicons color_brand shape_none\"><div class=\"w-socials-list\"><div class=\"w-socials-item whatsapp\"><a class=\"w-socials-item-link\" href=\"https:\/\/wa.me\/message\/T37T67AFQCANE1\" target=\"_blank\" rel=\"noopener nofollow\" title=\"WhatsApp\" aria-label=\"WhatsApp\"><span class=\"w-socials-item-link-hover\"><\/span><i class=\"fab fa-whatsapp\"><\/i><\/a><div class=\"w-socials-item-popup\"><span>WhatsApp<\/span><\/div><\/div><div class=\"w-socials-item instagram\"><a class=\"w-socials-item-link\" href=\"https:\/\/www.instagram.com\/farsipol\/\" target=\"_blank\" rel=\"noopener nofollow\" title=\"Instagram\" aria-label=\"Instagram\"><span class=\"w-socials-item-link-hover\"><\/span><i class=\"fab fa-instagram\"><\/i><\/a><div class=\"w-socials-item-popup\"><span>Instagram<\/span><\/div><\/div><div class=\"w-socials-item youtube\"><a class=\"w-socials-item-link\" href=\"https:\/\/youtube.com\/channel\/UCrVDRwlvCQnaJMcHsZsdTDA\" target=\"_blank\" rel=\"noopener nofollow\" title=\"YouTube\" aria-label=\"YouTube\"><span class=\"w-socials-item-link-hover\"><\/span><i class=\"fab fa-youtube\"><\/i><\/a><div class=\"w-socials-item-popup\"><span>YouTube<\/span><\/div><\/div><div class=\"w-socials-item telegram\"><a class=\"w-socials-item-link\" href=\"https:\/\/t.me\/farsipol\" target=\"_blank\" rel=\"noopener nofollow\" title=\"Telegram\" aria-label=\"Telegram\"><span class=\"w-socials-item-link-hover\"><\/span><i class=\"fab fa-telegram\"><\/i><\/a><div class=\"w-socials-item-popup\"><span>Telegram<\/span><\/div><\/div><\/div><\/div><\/div><\/div><\/div><\/div><div class=\"vc_col-sm-3 wpb_column vc_column_container\"><div class=\"vc_column-inner\"><div class=\"wpb_wrapper\"><div class=\"wpb_text_column us_custom_31ff72df has_text_color\"><div class=\"wpb_wrapper\"><p class=\"fastlinks\" style=\"text-align: left;\"><span style=\"font-family: Arial, Helvetica, sans-serif !important;\">Schnellzugriff<\/span><\/p>\n<ul class=\"fastlinkitem\">\n<li style=\"text-align: left;\"><a href=\"https:\/\/farsipol.com\/de\/contact\/\"><span style=\"font-family: Arial, Helvetica, sans-serif;\">Kontakt<\/span><\/a><\/li>\n<li><a href=\"#\">Leistungen<\/a><\/li>\n<li><a href=\"\/de\/contact\">Beratungsgespr\u00e4ch<\/a><\/li>\n<li><a href=\"https:\/\/farsipol.com\/de\/work\/\">Unsere F\u00e4lle<\/a><\/li>\n<li><a href=\"http:\/\/farsipol.com\/de\/blog\">Blog<\/a><\/li>\n<\/ul>\n<\/div><\/div><\/div><\/div><\/div><div class=\"vc_col-sm-6 wpb_column vc_column_container\"><div class=\"vc_column-inner\"><div class=\"wpb_wrapper\"><div class=\"wpb_text_column us_custom_6df4bc3a has_text_color\"><div class=\"wpb_wrapper\"><p class=\"fastlinks\" style=\"text-align: left;\">Kontakt<\/p>\n<\/div><\/div><div class=\"w-hwrapper align_justify valign_top\"><\/div><div class=\"w-separator size_small\"><\/div><div class=\"w-text us_custom_1d6d44ec footericons alllatinwords has_text_color\"><span class=\"w-text-h\"><i class=\"fas fa-phone\"><\/i><span class=\"w-text-value\">004970217355057 &#8211; 0041565564342<\/span><\/span><\/div><div class=\"w-text us_custom_1d6d44ec footericons alllatinwords whatsappicon has_text_color\"><a title=\"Whatsapp\" href=\"https:\/\/wa.me\/message\/T37T67AFQCANE1\" class=\"w-text-h\"><i class=\"fab fa-whatsapp\"><\/i><span class=\"w-text-value\">0041762590157<\/span><\/a><\/div><div class=\"w-text us_custom_18712ba4 footericons alllatinwords has_text_color\"><span class=\"w-text-h\"><i class=\"fas fa-map-marker-alt\"><\/i><span class=\"w-text-value\">Switzerland: Holhstrasse 192, 8004 Z\u00fcrich<\/span><\/span><\/div><div class=\"w-text us_custom_18712ba4 footericons alllatinwords has_text_color\"><span class=\"w-text-h\"><i class=\"fas fa-map-marker-alt\"><\/i><span class=\"w-text-value\">Switzerland (Post &amp; Pakete): Luzerner Strasse 20, 5620 Bremgarten<\/span><\/span><\/div><div class=\"w-text us_custom_1d6d44ec footericons alllatinwords has_text_color\"><span class=\"w-text-h\"><i class=\"fas fa-map-marker-alt\"><\/i><span class=\"w-text-value\">Germany: Max-Eyth-Str 41, 73230 Kirchheim Teck<\/span><\/span><\/div><div class=\"w-btn-wrapper width_full\"><a class=\"w-btn us-btn-style_1 fullcontactbtn\" title=\"Kontakt\" href=\"https:\/\/farsipol.com\/de\/contact\/\"><span class=\"w-btn-label\">Weitere Kontaktbedingungen<\/span><\/a><\/div><\/div><\/div><\/div><\/div><div class=\"g-cols wpb_row us_custom_a4e79be0 footercontainer via_flex valign_top type_default\"><div class=\"vc_col-sm-12 wpb_column vc_column_container\"><div class=\"vc_column-inner\"><div class=\"wpb_wrapper\"><div class=\"w-separator size_small\"><\/div><div class=\"w-separator bordertop size_small\"><\/div><\/div><\/div><\/div><\/div><div class=\"g-cols wpb_row us_custom_57bf7c1a footercontainer via_flex valign_top type_default has_text_color\"><div class=\"vc_col-sm-6 wpb_column vc_column_container\"><div class=\"vc_column-inner\"><div class=\"wpb_wrapper\"><div class=\"w-hwrapper impressumwrapper align_none valign_top\"><div class=\"wpb_text_column\"><div class=\"wpb_wrapper\"><p><a href=\"https:\/\/farsipol.com\/de\/impressum\">Impressum<\/a><\/p>\n<\/div><\/div><div class=\"wpb_text_column\"><div class=\"wpb_wrapper\"><p><a href=\"https:\/\/farsipol.com\/de\/privacy\">Datenschutz<\/a><\/p>\n<\/div><\/div><\/div><\/div><\/div><\/div><div class=\"vc_col-sm-6 wpb_column vc_column_container\"><div class=\"vc_column-inner\"><div class=\"wpb_wrapper\"><div class=\"w-hwrapper copyrightwrapper align_right valign_top\"><div class=\"wpb_text_column alllatinwords\"><div class=\"wpb_wrapper\"><p>Farsipol \u00a9 2021 All rights reserved<\/p>\n<\/div><\/div><\/div><\/div><\/div><\/div><\/div><\/div><\/div><\/div><\/div><\/div><\/section>\n<\/div><\/div><\/div><\/div><\/div><\/section>\n","protected":false},"excerpt":{"rendered":"impressum Impressum | Imprint ( for English version please see below) Verantwortlich f\u00fcr die Inhalte auf dieser Website, sowie die Inhalte, welche auf den sozialen Medien wie Instagram, LinkedIn, Facebook und Youtube ver\u00f6ffentlicht worden sind und in einer direkten Verbindung mit dieser Website stehen, ist folgende Person Herr Kaveh Jourabchian Rechtsform: Einzelunternehmen. Eine Kooperation mit...","protected":false},"author":1,"featured_media":0,"parent":0,"menu_order":0,"comment_status":"closed","ping_status":"closed","template":"","meta":{"_acf_changed":false,"footnotes":""},"class_list":["post-4855","page","type-page","status-publish","hentry"],"acf":[],"_links":{"self":[{"href":"https:\/\/farsipol.com\/de\/wp-json\/wp\/v2\/pages\/4855","targetHints":{"allow":["GET"]}}],"collection":[{"href":"https:\/\/farsipol.com\/de\/wp-json\/wp\/v2\/pages"}],"about":[{"href":"https:\/\/farsipol.com\/de\/wp-json\/wp\/v2\/types\/page"}],"author":[{"embeddable":true,"href":"https:\/\/farsipol.com\/de\/wp-json\/wp\/v2\/users\/1"}],"replies":[{"embeddable":true,"href":"https:\/\/farsipol.com\/de\/wp-json\/wp\/v2\/comments?post=4855"}],"version-history":[{"count":63,"href":"https:\/\/farsipol.com\/de\/wp-json\/wp\/v2\/pages\/4855\/revisions"}],"predecessor-version":[{"id":10458,"href":"https:\/\/farsipol.com\/de\/wp-json\/wp\/v2\/pages\/4855\/revisions\/10458"}],"wp:attachment":[{"href":"https:\/\/farsipol.com\/de\/wp-json\/wp\/v2\/media?parent=4855"}],"curies":[{"name":"wp","href":"https:\/\/api.w.org\/{rel}","templated":true}]}}